{"id":1979,"date":"2022-03-29T20:21:57","date_gmt":"2022-03-29T20:21:57","guid":{"rendered":"http:\/\/keramik.sibylle-ritter.de\/?page_id=1979"},"modified":"2026-04-20T10:47:46","modified_gmt":"2026-04-20T10:47:46","slug":"assiettes-carrees","status":"publish","type":"page","link":"https:\/\/sibylle-ritter.com\/?page_id=1979","title":{"rendered":"TerreTouch\u00e9e"},"content":{"rendered":"\n<p>Bienvenue et welcome!<\/p>\n\n\n\n<p><mark style=\"background-color:rgba(0, 0, 0, 0)\" class=\"has-inline-color has-accent-3-color\">Le magasin de TerreTouch\u00e9e est situ\u00e9e \u00e0 Flavigny-sur Ozerain<br \/>et bien indiqu\u00e9. <\/mark><br \/>The shop of TerreTouch\u00e9e is situated in Flavigny-sur-Ozerain.<br \/>There are signs that will guide you there.<br \/><mark style=\"background-color:rgba(0, 0, 0, 0)\" class=\"has-inline-color has-accent-3-color\">Habituellement ouvert de 14 \u00e0 18 heures.<\/mark><br \/>As a rule open from 2pm to 6 pm.<\/p>\n\n\n\n<p><mark style=\"background-color:rgba(0, 0, 0, 0)\" class=\"has-inline-color has-accent-3-color\">Pour rendre sur que je serai sur place, merci de m`appeler:<\/mark><br \/>In order to make sure that I shall be present.<br \/><strong>France 0784733333<\/strong><\/p>\n\n\n\n<p><mark style=\"background-color:rgba(0, 0, 0, 0)\" class=\"has-inline-color has-accent-3-color\">Ferm\u00e9e du 20 au 23 avril 2026.<code><br \/><\/code><\/mark><br \/><\/p>\n\n\n\n<p><\/p>\n\n\n\n<p><em>Toucher la terre<\/em> means touching the earth. This is unavoidable if you are working with clay, because clay is dug out of the earth. <br \/>Therefore TerreTouch\u00e9e, the name of my enterprise, simply points out the essence of my activity. And it sounds nice, doesn`t it?<br \/><br \/>After moving to France in 2020, battling through the chaos, caused by the <br \/>corona virus, or better to say, what the responsibles made out of it, I settled down in the historic village of Flavigny-sur-Ozerain in Burgundy.<br \/>In one part of an ancient convent I set up my workshop and my little enterprise, including a shop, a gallery and lots of space to display my creations, framed by the enchanting environment. Here you can just see a glimpse of what can be discovered.<br \/>The gallery, which is situated in another medieval building , is dedicated to my sculptures only.<\/p>\n\n\n\n<figure class=\"wp-block-image size-full\"><a href=\"https:\/\/sibylle-ritter.com\/wp-content\/uploads\/2025\/09\/Ensemble-Baies-rouges.jpg\"><img loading=\"lazy\" decoding=\"async\" width=\"800\" height=\"600\" src=\"https:\/\/sibylle-ritter.com\/wp-content\/uploads\/2025\/09\/Ensemble-Baies-rouges.jpg\" alt=\"\" class=\"wp-image-3523\" srcset=\"https:\/\/sibylle-ritter.com\/wp-content\/uploads\/2025\/09\/Ensemble-Baies-rouges.jpg 800w, https:\/\/sibylle-ritter.com\/wp-content\/uploads\/2025\/09\/Ensemble-Baies-rouges-300x225.jpg 300w, https:\/\/sibylle-ritter.com\/wp-content\/uploads\/2025\/09\/Ensemble-Baies-rouges-768x576.jpg 768w, https:\/\/sibylle-ritter.com\/wp-content\/uploads\/2025\/09\/Ensemble-Baies-rouges-250x188.jpg 250w\" sizes=\"auto, (max-width: 800px) 100vw, 800px\" \/><\/a><\/figure>\n\n\n\n<p><\/p>\n\n\n\n<h4 class=\"wp-block-heading\"><strong>The rectangular dishes are a highlight of my functional ceramics. They have become my most beloved article, which you will always find in my shop. <\/strong><\/h4>\n\n\n\n<h4 class=\"wp-block-heading\"><mark style=\"background-color:rgba(0, 0, 0, 0)\" class=\"has-inline-color has-black-color\">Here you will find a selection of my rectangular dishes. <br \/>If you are interested in a certain design you are welcome to contact me via email.<br \/><\/mark><\/h4>\n\n\n\n<h4 class=\"wp-block-heading\"><\/h4>\n\n\n\n<h4 class=\"wp-block-heading\">Flyer\/D\u00e9pliant\/Faltblatt:<br \/><a href=\"https:\/\/sibylle-ritter.com\/wp-content\/uploads\/2022\/03\/Depliant-Assiettes-Faltblatt-Assiettes.pdf\"><mark style=\"background-color:rgba(0, 0, 0, 0)\" class=\"has-inline-color has-vivid-red-color\">Depliant-Assiettes-Faltblatt.pdf<\/mark><\/a><\/h4>\n\n\n\n<div class=\"wp-block-group has-global-padding is-layout-constrained wp-block-group-is-layout-constrained\"><style type=\"text\/css\">\n#foogallery-gallery-2018.fg-masonry { --fg-gutter: 10px; }<\/style>\n\t\t\t<div class=\"foogallery foogallery-container foogallery-masonry foogallery-lightbox-foogallery fg-center fg-masonry fg-ready fg-dark fg-border-thin fg-shadow-small fg-loading-default fg-loaded-fade-in fg-captions-bottom fg-hover-fade fg-hover-plus fg-col4\" id=\"foogallery-gallery-2018\" data-foogallery=\"{&quot;item&quot;:{&quot;showCaptionTitle&quot;:true,&quot;showCaptionDescription&quot;:true},&quot;lazy&quot;:true}\" data-foogallery-lightbox=\"{&quot;thumbs&quot;:&quot;bottom&quot;,&quot;thumbsCaptions&quot;:false,&quot;thumbsBestFit&quot;:false,&quot;thumbsSmall&quot;:false,&quot;thumbsCaptionsAlign&quot;:&quot;default&quot;,&quot;info&quot;:&quot;bottom&quot;,&quot;infoVisible&quot;:true,&quot;infoOverlay&quot;:true,&quot;infoAlign&quot;:&quot;default&quot;,&quot;transition&quot;:&quot;fade&quot;,&quot;hoverButtons&quot;:false,&quot;fitMedia&quot;:false,&quot;noScrollbars&quot;:true,&quot;preserveButtonSpace&quot;:true,&quot;buttons&quot;:{&quot;fullscreen&quot;:true,&quot;info&quot;:true,&quot;thumbs&quot;:false},&quot;video&quot;:{&quot;autoPlay&quot;:true}}\" style=\"--fg-title-line-clamp: 0; --fg-description-line-clamp: 0;\" >\n\t\t<div class=\"fg-column-width\"><\/div>\n\t<div class=\"fg-gutter-width\"><\/div>\n\t\t<div class=\"fg-item fg-type-image fg-idle\"><figure class=\"fg-item-inner\"><a href=\"https:\/\/sibylle-ritter.com\/wp-content\/uploads\/2022\/04\/IMG_1589-web.jpg\" data-attachment-id=\"2688\" data-type=\"image\" class=\"fg-thumb\"><span class=\"fg-image-wrap\"><img fetchpriority=\"high\" decoding=\"async\" width=\"300\" height=\"225\" class=\"skip-lazy fg-image\" data-src-fg=\"https:\/\/sibylle-ritter.com\/wp-content\/uploads\/cache\/2022\/04\/IMG_1589-web\/3578246325.jpg\" src=\"data:image\/svg+xml,%3Csvg%20xmlns%3D%22http%3A%2F%2Fwww.w3.org%2F2000%2Fsvg%22%20width%3D%22300%22%20height%3D%22225%22%20viewBox%3D%220%200%20300%20225%22%3E%3C%2Fsvg%3E\" loading=\"eager\"><\/span><span class=\"fg-image-overlay\"><\/span><\/a><\/figure><div class=\"fg-loader\"><\/div><\/div><div class=\"fg-item fg-type-image fg-idle\"><figure class=\"fg-item-inner\"><a href=\"https:\/\/sibylle-ritter.com\/wp-content\/uploads\/2022\/04\/IMG_1601-web.jpg\" data-attachment-id=\"2689\" data-type=\"image\" class=\"fg-thumb\"><span class=\"fg-image-wrap\"><img decoding=\"async\" width=\"300\" height=\"225\" class=\"skip-lazy fg-image\" data-src-fg=\"https:\/\/sibylle-ritter.com\/wp-content\/uploads\/cache\/2022\/04\/IMG_1601-web\/809803883.jpg\" src=\"data:image\/svg+xml,%3Csvg%20xmlns%3D%22http%3A%2F%2Fwww.w3.org%2F2000%2Fsvg%22%20width%3D%22300%22%20height%3D%22225%22%20viewBox%3D%220%200%20300%20225%22%3E%3C%2Fsvg%3E\" loading=\"eager\"><\/span><span class=\"fg-image-overlay\"><\/span><\/a><\/figure><div class=\"fg-loader\"><\/div><\/div><div class=\"fg-item fg-type-image fg-idle\"><figure class=\"fg-item-inner\"><a href=\"https:\/\/sibylle-ritter.com\/wp-content\/uploads\/2022\/04\/IMG_1587-web.jpg\" data-attachment-id=\"2687\" data-type=\"image\" class=\"fg-thumb\"><span class=\"fg-image-wrap\"><img decoding=\"async\" width=\"300\" height=\"225\" class=\"skip-lazy fg-image\" data-src-fg=\"https:\/\/sibylle-ritter.com\/wp-content\/uploads\/cache\/2022\/04\/IMG_1587-web\/2520529279.jpg\" src=\"data:image\/svg+xml,%3Csvg%20xmlns%3D%22http%3A%2F%2Fwww.w3.org%2F2000%2Fsvg%22%20width%3D%22300%22%20height%3D%22225%22%20viewBox%3D%220%200%20300%20225%22%3E%3C%2Fsvg%3E\" loading=\"eager\"><\/span><span class=\"fg-image-overlay\"><\/span><\/a><\/figure><div class=\"fg-loader\"><\/div><\/div><div class=\"fg-item fg-type-image fg-idle\"><figure class=\"fg-item-inner\"><a href=\"https:\/\/sibylle-ritter.com\/wp-content\/uploads\/2022\/04\/IMG_1584-web.jpg\" data-attachment-id=\"2686\" data-type=\"image\" class=\"fg-thumb\"><span class=\"fg-image-wrap\"><img decoding=\"async\" width=\"300\" height=\"225\" class=\"skip-lazy fg-image\" data-src-fg=\"https:\/\/sibylle-ritter.com\/wp-content\/uploads\/cache\/2022\/04\/IMG_1584-web\/617578265.jpg\" src=\"data:image\/svg+xml,%3Csvg%20xmlns%3D%22http%3A%2F%2Fwww.w3.org%2F2000%2Fsvg%22%20width%3D%22300%22%20height%3D%22225%22%20viewBox%3D%220%200%20300%20225%22%3E%3C%2Fsvg%3E\" loading=\"eager\"><\/span><span class=\"fg-image-overlay\"><\/span><\/a><\/figure><div class=\"fg-loader\"><\/div><\/div><div class=\"fg-item fg-type-image fg-idle\"><figure class=\"fg-item-inner\"><a href=\"https:\/\/sibylle-ritter.com\/wp-content\/uploads\/2023\/05\/Edition-Saint-Seine-lAbbaye.jpg\" data-attachment-id=\"2548\" data-type=\"image\" class=\"fg-thumb\"><span class=\"fg-image-wrap\"><img decoding=\"async\" width=\"300\" height=\"225\" class=\"skip-lazy fg-image\" data-src-fg=\"https:\/\/sibylle-ritter.com\/wp-content\/uploads\/cache\/2023\/05\/Edition-Saint-Seine-lAbbaye\/2836776685.jpg\" src=\"data:image\/svg+xml,%3Csvg%20xmlns%3D%22http%3A%2F%2Fwww.w3.org%2F2000%2Fsvg%22%20width%3D%22300%22%20height%3D%22225%22%20viewBox%3D%220%200%20300%20225%22%3E%3C%2Fsvg%3E\" loading=\"eager\"><\/span><span class=\"fg-image-overlay\"><\/span><\/a><\/figure><div class=\"fg-loader\"><\/div><\/div><div class=\"fg-item fg-type-image fg-idle\"><figure class=\"fg-item-inner\"><a href=\"https:\/\/sibylle-ritter.com\/wp-content\/uploads\/2023\/05\/Assiettes-carres-superposes.jpg\" data-attachment-id=\"2547\" data-type=\"image\" class=\"fg-thumb\"><span class=\"fg-image-wrap\"><img decoding=\"async\" width=\"300\" height=\"225\" class=\"skip-lazy fg-image\" data-src-fg=\"https:\/\/sibylle-ritter.com\/wp-content\/uploads\/cache\/2023\/05\/Assiettes-carres-superposes\/2199892846.jpg\" src=\"data:image\/svg+xml,%3Csvg%20xmlns%3D%22http%3A%2F%2Fwww.w3.org%2F2000%2Fsvg%22%20width%3D%22300%22%20height%3D%22225%22%20viewBox%3D%220%200%20300%20225%22%3E%3C%2Fsvg%3E\" loading=\"eager\"><\/span><span class=\"fg-image-overlay\"><\/span><\/a><\/figure><div class=\"fg-loader\"><\/div><\/div><div class=\"fg-item fg-type-image fg-idle\"><figure class=\"fg-item-inner\"><a href=\"https:\/\/sibylle-ritter.com\/wp-content\/uploads\/2023\/05\/Assiette-Assemblage-orange.jpg\" data-attachment-id=\"2545\" data-type=\"image\" class=\"fg-thumb\"><span class=\"fg-image-wrap\"><img decoding=\"async\" width=\"300\" height=\"225\" class=\"skip-lazy fg-image\" data-src-fg=\"https:\/\/sibylle-ritter.com\/wp-content\/uploads\/cache\/2023\/05\/Assiette-Assemblage-orange\/1402134510.jpg\" src=\"data:image\/svg+xml,%3Csvg%20xmlns%3D%22http%3A%2F%2Fwww.w3.org%2F2000%2Fsvg%22%20width%3D%22300%22%20height%3D%22225%22%20viewBox%3D%220%200%20300%20225%22%3E%3C%2Fsvg%3E\" loading=\"eager\"><\/span><span class=\"fg-image-overlay\"><\/span><\/a><\/figure><div class=\"fg-loader\"><\/div><\/div><div class=\"fg-item fg-type-image fg-idle\"><figure class=\"fg-item-inner\"><a href=\"https:\/\/sibylle-ritter.com\/wp-content\/uploads\/2022\/11\/Rouge-et-noir-en-lignes.jpg\" data-attachment-id=\"2230\" data-type=\"image\" class=\"fg-thumb\"><span class=\"fg-image-wrap\"><img decoding=\"async\" width=\"300\" height=\"225\" class=\"skip-lazy fg-image\" data-src-fg=\"https:\/\/sibylle-ritter.com\/wp-content\/uploads\/cache\/2022\/11\/Rouge-et-noir-en-lignes\/2501428300.jpg\" src=\"data:image\/svg+xml,%3Csvg%20xmlns%3D%22http%3A%2F%2Fwww.w3.org%2F2000%2Fsvg%22%20width%3D%22300%22%20height%3D%22225%22%20viewBox%3D%220%200%20300%20225%22%3E%3C%2Fsvg%3E\" loading=\"eager\"><\/span><span class=\"fg-image-overlay\"><\/span><\/a><\/figure><div class=\"fg-loader\"><\/div><\/div><div class=\"fg-item fg-type-image fg-idle\"><figure class=\"fg-item-inner\"><a href=\"https:\/\/sibylle-ritter.com\/wp-content\/uploads\/2022\/11\/Ornement-celtic.jpg\" data-attachment-id=\"2229\" data-type=\"image\" class=\"fg-thumb\"><span class=\"fg-image-wrap\"><img decoding=\"async\" width=\"300\" height=\"225\" class=\"skip-lazy fg-image\" data-src-fg=\"https:\/\/sibylle-ritter.com\/wp-content\/uploads\/cache\/2022\/11\/Ornement-celtic\/3597093444.jpg\" src=\"data:image\/svg+xml,%3Csvg%20xmlns%3D%22http%3A%2F%2Fwww.w3.org%2F2000%2Fsvg%22%20width%3D%22300%22%20height%3D%22225%22%20viewBox%3D%220%200%20300%20225%22%3E%3C%2Fsvg%3E\" loading=\"eager\"><\/span><span class=\"fg-image-overlay\"><\/span><\/a><\/figure><div class=\"fg-loader\"><\/div><\/div><div class=\"fg-item fg-type-image fg-idle\"><figure class=\"fg-item-inner\"><a href=\"https:\/\/sibylle-ritter.com\/wp-content\/uploads\/2022\/11\/La-naissance-de-la-flor.jpg\" data-attachment-id=\"2227\" data-type=\"image\" class=\"fg-thumb\"><span class=\"fg-image-wrap\"><img decoding=\"async\" width=\"300\" height=\"225\" class=\"skip-lazy fg-image\" data-src-fg=\"https:\/\/sibylle-ritter.com\/wp-content\/uploads\/cache\/2022\/11\/La-naissance-de-la-flor\/349149765.jpg\" src=\"data:image\/svg+xml,%3Csvg%20xmlns%3D%22http%3A%2F%2Fwww.w3.org%2F2000%2Fsvg%22%20width%3D%22300%22%20height%3D%22225%22%20viewBox%3D%220%200%20300%20225%22%3E%3C%2Fsvg%3E\" loading=\"eager\"><\/span><span class=\"fg-image-overlay\"><\/span><\/a><\/figure><div class=\"fg-loader\"><\/div><\/div><div class=\"fg-item fg-type-image fg-idle\"><figure class=\"fg-item-inner\"><a href=\"https:\/\/sibylle-ritter.com\/wp-content\/uploads\/2022\/11\/informel.web_.jpg\" data-attachment-id=\"2226\" data-type=\"image\" class=\"fg-thumb\"><span class=\"fg-image-wrap\"><img decoding=\"async\" width=\"300\" height=\"225\" class=\"skip-lazy fg-image\" data-src-fg=\"https:\/\/sibylle-ritter.com\/wp-content\/uploads\/cache\/2022\/11\/informel_web_\/3232947455.jpg\" src=\"data:image\/svg+xml,%3Csvg%20xmlns%3D%22http%3A%2F%2Fwww.w3.org%2F2000%2Fsvg%22%20width%3D%22300%22%20height%3D%22225%22%20viewBox%3D%220%200%20300%20225%22%3E%3C%2Fsvg%3E\" loading=\"eager\"><\/span><span class=\"fg-image-overlay\"><\/span><\/a><\/figure><div class=\"fg-loader\"><\/div><\/div><div class=\"fg-item fg-type-image fg-idle\"><figure class=\"fg-item-inner\"><a href=\"https:\/\/sibylle-ritter.com\/wp-content\/uploads\/2022\/11\/Grundriss-Kirche-grau-und-m.jpg\" data-attachment-id=\"2224\" data-type=\"image\" class=\"fg-thumb\"><span class=\"fg-image-wrap\"><img decoding=\"async\" width=\"300\" height=\"225\" class=\"skip-lazy fg-image\" data-src-fg=\"https:\/\/sibylle-ritter.com\/wp-content\/uploads\/cache\/2022\/11\/Grundriss-Kirche-grau-und-m\/2572241177.jpg\" src=\"data:image\/svg+xml,%3Csvg%20xmlns%3D%22http%3A%2F%2Fwww.w3.org%2F2000%2Fsvg%22%20width%3D%22300%22%20height%3D%22225%22%20viewBox%3D%220%200%20300%20225%22%3E%3C%2Fsvg%3E\" loading=\"eager\"><\/span><span class=\"fg-image-overlay\"><\/span><\/a><\/figure><div class=\"fg-loader\"><\/div><\/div><div class=\"fg-item fg-type-image fg-idle\"><figure class=\"fg-item-inner\"><a href=\"https:\/\/sibylle-ritter.com\/wp-content\/uploads\/2022\/11\/FK110-und-231.jpg\" data-attachment-id=\"2223\" data-type=\"image\" class=\"fg-thumb\"><span class=\"fg-image-wrap\"><img decoding=\"async\" width=\"300\" height=\"225\" class=\"skip-lazy fg-image\" data-src-fg=\"https:\/\/sibylle-ritter.com\/wp-content\/uploads\/cache\/2022\/11\/FK110-und-231\/1643024502.jpg\" src=\"data:image\/svg+xml,%3Csvg%20xmlns%3D%22http%3A%2F%2Fwww.w3.org%2F2000%2Fsvg%22%20width%3D%22300%22%20height%3D%22225%22%20viewBox%3D%220%200%20300%20225%22%3E%3C%2Fsvg%3E\" loading=\"eager\"><\/span><span class=\"fg-image-overlay\"><\/span><\/a><\/figure><div class=\"fg-loader\"><\/div><\/div><div class=\"fg-item fg-type-image fg-idle\"><figure class=\"fg-item-inner\"><a href=\"https:\/\/sibylle-ritter.com\/wp-content\/uploads\/2022\/11\/Edition-VIVACE-2022.jpg\" data-attachment-id=\"2222\" data-type=\"image\" class=\"fg-thumb\"><span class=\"fg-image-wrap\"><img decoding=\"async\" width=\"300\" height=\"225\" class=\"skip-lazy fg-image\" data-src-fg=\"https:\/\/sibylle-ritter.com\/wp-content\/uploads\/cache\/2022\/11\/Edition-VIVACE-2022\/2453041087.jpg\" src=\"data:image\/svg+xml,%3Csvg%20xmlns%3D%22http%3A%2F%2Fwww.w3.org%2F2000%2Fsvg%22%20width%3D%22300%22%20height%3D%22225%22%20viewBox%3D%220%200%20300%20225%22%3E%3C%2Fsvg%3E\" loading=\"eager\"><\/span><span class=\"fg-image-overlay\"><\/span><\/a><\/figure><div class=\"fg-loader\"><\/div><\/div><div class=\"fg-item fg-type-image fg-idle\"><figure class=\"fg-item-inner\"><a href=\"https:\/\/sibylle-ritter.com\/wp-content\/uploads\/2022\/11\/Design-Cathedrale-Ulm-detai.jpg\" data-attachment-id=\"2221\" data-type=\"image\" class=\"fg-thumb\"><span class=\"fg-image-wrap\"><img decoding=\"async\" width=\"300\" height=\"225\" class=\"skip-lazy fg-image\" data-src-fg=\"https:\/\/sibylle-ritter.com\/wp-content\/uploads\/cache\/2022\/11\/Design-Cathedrale-Ulm-detai\/1265495837.jpg\" src=\"data:image\/svg+xml,%3Csvg%20xmlns%3D%22http%3A%2F%2Fwww.w3.org%2F2000%2Fsvg%22%20width%3D%22300%22%20height%3D%22225%22%20viewBox%3D%220%200%20300%20225%22%3E%3C%2Fsvg%3E\" loading=\"eager\"><\/span><span class=\"fg-image-overlay\"><\/span><\/a><\/figure><div class=\"fg-loader\"><\/div><\/div><div class=\"fg-item fg-type-image fg-idle\"><figure class=\"fg-item-inner\"><a href=\"https:\/\/sibylle-ritter.com\/wp-content\/uploads\/2022\/11\/Blaues-Ornament-Ringe.jpg\" data-attachment-id=\"2220\" data-type=\"image\" class=\"fg-thumb\"><span class=\"fg-image-wrap\"><img decoding=\"async\" width=\"300\" height=\"225\" class=\"skip-lazy fg-image\" data-src-fg=\"https:\/\/sibylle-ritter.com\/wp-content\/uploads\/cache\/2022\/11\/Blaues-Ornament-Ringe\/3388402429.jpg\" src=\"data:image\/svg+xml,%3Csvg%20xmlns%3D%22http%3A%2F%2Fwww.w3.org%2F2000%2Fsvg%22%20width%3D%22300%22%20height%3D%22225%22%20viewBox%3D%220%200%20300%20225%22%3E%3C%2Fsvg%3E\" loading=\"eager\"><\/span><span class=\"fg-image-overlay\"><\/span><\/a><\/figure><div class=\"fg-loader\"><\/div><\/div><div class=\"fg-item fg-type-image fg-idle\"><figure class=\"fg-item-inner\"><a href=\"https:\/\/sibylle-ritter.com\/wp-content\/uploads\/2022\/04\/IMG_7809-web.jpg\" data-attachment-id=\"2013\" data-type=\"image\" class=\"fg-thumb\"><span class=\"fg-image-wrap\"><img decoding=\"async\" width=\"300\" height=\"400\" class=\"skip-lazy fg-image\" data-src-fg=\"https:\/\/sibylle-ritter.com\/wp-content\/uploads\/cache\/2022\/04\/IMG_7809-web\/1262472345.jpg\" src=\"data:image\/svg+xml,%3Csvg%20xmlns%3D%22http%3A%2F%2Fwww.w3.org%2F2000%2Fsvg%22%20width%3D%22300%22%20height%3D%22400%22%20viewBox%3D%220%200%20300%20400%22%3E%3C%2Fsvg%3E\" loading=\"eager\"><\/span><span class=\"fg-image-overlay\"><\/span><\/a><\/figure><div class=\"fg-loader\"><\/div><\/div><div class=\"fg-item fg-type-image fg-idle\"><figure class=\"fg-item-inner\"><a href=\"https:\/\/sibylle-ritter.com\/wp-content\/uploads\/2022\/04\/IMG_7780-web.jpg\" data-attachment-id=\"2011\" data-type=\"image\" class=\"fg-thumb\"><span class=\"fg-image-wrap\"><img decoding=\"async\" width=\"300\" height=\"225\" class=\"skip-lazy fg-image\" data-src-fg=\"https:\/\/sibylle-ritter.com\/wp-content\/uploads\/cache\/2022\/04\/IMG_7780-web\/2343288574.jpg\" src=\"data:image\/svg+xml,%3Csvg%20xmlns%3D%22http%3A%2F%2Fwww.w3.org%2F2000%2Fsvg%22%20width%3D%22300%22%20height%3D%22225%22%20viewBox%3D%220%200%20300%20225%22%3E%3C%2Fsvg%3E\" loading=\"eager\"><\/span><span class=\"fg-image-overlay\"><\/span><\/a><\/figure><div class=\"fg-loader\"><\/div><\/div><div class=\"fg-item fg-type-image fg-idle\"><figure class=\"fg-item-inner\"><a href=\"https:\/\/sibylle-ritter.com\/wp-content\/uploads\/2022\/04\/Astwerk.jpg\" data-attachment-id=\"2004\" data-type=\"image\" class=\"fg-thumb\"><span class=\"fg-image-wrap\"><img decoding=\"async\" width=\"300\" height=\"224\" class=\"skip-lazy fg-image\" data-src-fg=\"https:\/\/sibylle-ritter.com\/wp-content\/uploads\/cache\/2022\/04\/Astwerk\/3170438054.jpg\" src=\"data:image\/svg+xml,%3Csvg%20xmlns%3D%22http%3A%2F%2Fwww.w3.org%2F2000%2Fsvg%22%20width%3D%22300%22%20height%3D%22224%22%20viewBox%3D%220%200%20300%20224%22%3E%3C%2Fsvg%3E\" loading=\"eager\"><\/span><span class=\"fg-image-overlay\"><\/span><\/a><\/figure><div class=\"fg-loader\"><\/div><\/div><div class=\"fg-item fg-type-image fg-idle\"><figure class=\"fg-item-inner\"><a href=\"https:\/\/sibylle-ritter.com\/wp-content\/uploads\/2022\/04\/Assiettes-reseau-orange.jpg\" data-attachment-id=\"2002\" data-type=\"image\" class=\"fg-thumb\"><span class=\"fg-image-wrap\"><img decoding=\"async\" width=\"300\" height=\"225\" class=\"skip-lazy fg-image\" data-src-fg=\"https:\/\/sibylle-ritter.com\/wp-content\/uploads\/cache\/2022\/04\/Assiettes-reseau-orange\/3305142659.jpg\" src=\"data:image\/svg+xml,%3Csvg%20xmlns%3D%22http%3A%2F%2Fwww.w3.org%2F2000%2Fsvg%22%20width%3D%22300%22%20height%3D%22225%22%20viewBox%3D%220%200%20300%20225%22%3E%3C%2Fsvg%3E\" loading=\"eager\"><\/span><span class=\"fg-image-overlay\"><\/span><\/a><\/figure><div class=\"fg-loader\"><\/div><\/div><div class=\"fg-item fg-type-image fg-idle\"><figure class=\"fg-item-inner\"><a href=\"https:\/\/sibylle-ritter.com\/wp-content\/uploads\/2022\/04\/Assiettes-hintereinander-we.jpg\" data-attachment-id=\"2000\" data-type=\"image\" class=\"fg-thumb\"><span class=\"fg-image-wrap\"><img decoding=\"async\" width=\"300\" height=\"225\" class=\"skip-lazy fg-image\" data-src-fg=\"https:\/\/sibylle-ritter.com\/wp-content\/uploads\/cache\/2022\/04\/Assiettes-hintereinander-we\/91686850.jpg\" src=\"data:image\/svg+xml,%3Csvg%20xmlns%3D%22http%3A%2F%2Fwww.w3.org%2F2000%2Fsvg%22%20width%3D%22300%22%20height%3D%22225%22%20viewBox%3D%220%200%20300%20225%22%3E%3C%2Fsvg%3E\" loading=\"eager\"><\/span><span class=\"fg-image-overlay\"><\/span><\/a><\/figure><div class=\"fg-loader\"><\/div><\/div><div class=\"fg-item fg-type-image fg-idle\"><figure class=\"fg-item-inner\"><a href=\"https:\/\/sibylle-ritter.com\/wp-content\/uploads\/2022\/04\/Assiettes-Exit-b.jpg\" data-attachment-id=\"1999\" data-type=\"image\" class=\"fg-thumb\"><span class=\"fg-image-wrap\"><img decoding=\"async\" width=\"300\" height=\"225\" class=\"skip-lazy fg-image\" data-src-fg=\"https:\/\/sibylle-ritter.com\/wp-content\/uploads\/cache\/2022\/04\/Assiettes-Exit-b\/1860787597.jpg\" src=\"data:image\/svg+xml,%3Csvg%20xmlns%3D%22http%3A%2F%2Fwww.w3.org%2F2000%2Fsvg%22%20width%3D%22300%22%20height%3D%22225%22%20viewBox%3D%220%200%20300%20225%22%3E%3C%2Fsvg%3E\" loading=\"eager\"><\/span><span class=\"fg-image-overlay\"><\/span><\/a><\/figure><div class=\"fg-loader\"><\/div><\/div><div class=\"fg-item fg-type-image fg-idle\"><figure class=\"fg-item-inner\"><a href=\"https:\/\/sibylle-ritter.com\/wp-content\/uploads\/2022\/04\/Assiettes-Beerenstrauch-c-2.jpg\" data-attachment-id=\"1997\" data-type=\"image\" class=\"fg-thumb\"><span class=\"fg-image-wrap\"><img decoding=\"async\" width=\"300\" height=\"225\" class=\"skip-lazy fg-image\" data-src-fg=\"https:\/\/sibylle-ritter.com\/wp-content\/uploads\/cache\/2022\/04\/Assiettes-Beerenstrauch-c-2\/3560660351.jpg\" src=\"data:image\/svg+xml,%3Csvg%20xmlns%3D%22http%3A%2F%2Fwww.w3.org%2F2000%2Fsvg%22%20width%3D%22300%22%20height%3D%22225%22%20viewBox%3D%220%200%20300%20225%22%3E%3C%2Fsvg%3E\" loading=\"eager\"><\/span><span class=\"fg-image-overlay\"><\/span><\/a><\/figure><div class=\"fg-loader\"><\/div><\/div><div class=\"fg-item fg-type-image fg-idle\"><figure class=\"fg-item-inner\"><a href=\"https:\/\/sibylle-ritter.com\/wp-content\/uploads\/2022\/04\/Anemonen-blau.jpg\" data-attachment-id=\"1995\" data-type=\"image\" class=\"fg-thumb\"><span class=\"fg-image-wrap\"><img decoding=\"async\" width=\"300\" height=\"224\" class=\"skip-lazy fg-image\" data-src-fg=\"https:\/\/sibylle-ritter.com\/wp-content\/uploads\/cache\/2022\/04\/Anemonen-blau\/2647930038.jpg\" src=\"data:image\/svg+xml,%3Csvg%20xmlns%3D%22http%3A%2F%2Fwww.w3.org%2F2000%2Fsvg%22%20width%3D%22300%22%20height%3D%22224%22%20viewBox%3D%220%200%20300%20224%22%3E%3C%2Fsvg%3E\" loading=\"eager\"><\/span><span class=\"fg-image-overlay\"><\/span><\/a><\/figure><div class=\"fg-loader\"><\/div><\/div><\/div><\/div>\n","protected":false},"excerpt":{"rendered":"<p>Bienvenue et welcome! Le magasin de TerreTouch\u00e9e est situ\u00e9e \u00e0 Flavigny-sur Ozerainet bien indiqu\u00e9. The shop of TerreTouch\u00e9e is situated in Flavigny-sur-Ozerain.There are signs that will guide you there.Habituellement ouvert de 14 \u00e0 18 heures.As a rule open from 2pm to 6 pm. Pour rendre sur que je serai sur place, merci de m`appeler:In order [&hellip;]<\/p>\n","protected":false},"author":1,"featured_media":0,"parent":0,"menu_order":3,"comment_status":"closed","ping_status":"closed","template":"","meta":{"footnotes":""},"class_list":["post-1979","page","type-page","status-publish","hentry"],"_links":{"self":[{"href":"https:\/\/sibylle-ritter.com\/index.php?rest_route=\/wp\/v2\/pages\/1979","targetHints":{"allow":["GET"]}}],"collection":[{"href":"https:\/\/sibylle-ritter.com\/index.php?rest_route=\/wp\/v2\/pages"}],"about":[{"href":"https:\/\/sibylle-ritter.com\/index.php?rest_route=\/wp\/v2\/types\/page"}],"author":[{"embeddable":true,"href":"https:\/\/sibylle-ritter.com\/index.php?rest_route=\/wp\/v2\/users\/1"}],"replies":[{"embeddable":true,"href":"https:\/\/sibylle-ritter.com\/index.php?rest_route=%2Fwp%2Fv2%2Fcomments&post=1979"}],"version-history":[{"count":50,"href":"https:\/\/sibylle-ritter.com\/index.php?rest_route=\/wp\/v2\/pages\/1979\/revisions"}],"predecessor-version":[{"id":3714,"href":"https:\/\/sibylle-ritter.com\/index.php?rest_route=\/wp\/v2\/pages\/1979\/revisions\/3714"}],"wp:attachment":[{"href":"https:\/\/sibylle-ritter.com\/index.php?rest_route=%2Fwp%2Fv2%2Fmedia&parent=1979"}],"curies":[{"name":"wp","href":"https:\/\/api.w.org\/{rel}","templated":true}]}}