{"id":35,"date":"2013-04-26T19:44:27","date_gmt":"2013-04-26T19:44:27","guid":{"rendered":"http:\/\/keramik.sibylle-ritter.de\/?page_id=35"},"modified":"2020-11-01T21:20:50","modified_gmt":"2020-11-01T21:20:50","slug":"impressum","status":"publish","type":"page","link":"https:\/\/sibylle-ritter.com\/?page_id=35","title":{"rendered":"Impressum"},"content":{"rendered":"<p>Sibylle Ritter<br \/>\n18 Les Castafours<br \/>\n21150 Flavigny-sur-Ozerain<br \/>\nFrance<\/p>\n<p>Mobil: 0033 (0) 78 47 33 33 3<br \/>\n0049 (0) 177 32 63 04 4<\/p>\n<p>Email: sibylle-ritter@gmx.de<\/p>\n<p>Haftungsausschluss<br \/>\nEine Haftung f\u00fcr die Richtigkeit der Ver\u00f6ffentlichungen kann trotz sorgf\u00e4ltiger Pr\u00fcfung durch sibylle-ritter.com nicht \u00fcbernommen werden. F\u00fcr eingesandte Manuskripte, Fotos und Illustrationen wird keine Haftung \u00fcbernommen. Software und andere auf den Websites der sibylle-ritter.com gespeicherte Werke werden unter Ausschluss jeglicher Gew\u00e4hrleistung und ausschlie\u00dflich zum privaten Gebrauch \u00fcberlassen. Die Haftung f\u00fcr mittelbare Sch\u00e4den oder entgangenen Gewinn ist ausgeschlossen.<\/p>\n<p>Nutzungshinweis<br \/>\nDie Webseite enth\u00e4lt Links zu Webseiten Dritter, die von anderen unterhalten werden. Diese Links sind rein f\u00fcr Ihren gef\u00e4lligen Gebrauch zur Verf\u00fcgung gestellt und stellen keine Billigung des Inhalts auf diesen genannten Seiten von Seiten sibylle-ritter.com dar. sibylle-ritter.com \u00fcbernimmt keine Haftung f\u00fcr den Inhalt verlinkter externer Internetseiten und steht auch nicht f\u00fcr den Inhalt und die Genauigkeit des Materials auf den Webseiten Dritter ein. Wenn Sie sich f\u00fcr einen Zugriff auf diese Links zu den Webseiten Dritter entscheiden, tun Sie dies auf eigene Verantwortung.<br \/>\nMit dem Bereitstellen von Abbildungen\/Beitr\u00e4gen erkl\u00e4ren Sie sich damit einverstanden, dass sibylle-ritter.com Ihre hier geschriebenen Tipps &amp; Tricks kostenlos ver\u00f6ffentlichen darf. Sie melden dazu keine Urheberrechte an.<br \/>\nsibylle-ritter.com ist kein kommerzielles Gewerbe und nach \u00a719(1)UstG von Umsatzsteuer befreit.<\/p>\n<p>\u00a9 2013 sibylle-ritter.com<\/p>\n","protected":false},"excerpt":{"rendered":"<p>Sibylle Ritter 18 Les Castafours 21150 Flavigny-sur-Ozerain France Mobil: 0033 (0) 78 47 33 33 3 0049 (0) 177 32 63 04 4 Email: sibylle-ritter@gmx.de Haftungsausschluss Eine Haftung f\u00fcr die Richtigkeit der Ver\u00f6ffentlichungen kann trotz sorgf\u00e4ltiger Pr\u00fcfung durch sibylle-ritter.com nicht \u00fcbernommen werden. F\u00fcr eingesandte Manuskripte, Fotos und Illustrationen wird keine Haftung \u00fcbernommen. Software und andere [&hellip;]<\/p>\n","protected":false},"author":1,"featured_media":0,"parent":0,"menu_order":0,"comment_status":"closed","ping_status":"closed","template":"","meta":{"footnotes":""},"class_list":["post-35","page","type-page","status-publish","hentry"],"_links":{"self":[{"href":"https:\/\/sibylle-ritter.com\/index.php?rest_route=\/wp\/v2\/pages\/35","targetHints":{"allow":["GET"]}}],"collection":[{"href":"https:\/\/sibylle-ritter.com\/index.php?rest_route=\/wp\/v2\/pages"}],"about":[{"href":"https:\/\/sibylle-ritter.com\/index.php?rest_route=\/wp\/v2\/types\/page"}],"author":[{"embeddable":true,"href":"https:\/\/sibylle-ritter.com\/index.php?rest_route=\/wp\/v2\/users\/1"}],"replies":[{"embeddable":true,"href":"https:\/\/sibylle-ritter.com\/index.php?rest_route=%2Fwp%2Fv2%2Fcomments&post=35"}],"version-history":[{"count":8,"href":"https:\/\/sibylle-ritter.com\/index.php?rest_route=\/wp\/v2\/pages\/35\/revisions"}],"predecessor-version":[{"id":1578,"href":"https:\/\/sibylle-ritter.com\/index.php?rest_route=\/wp\/v2\/pages\/35\/revisions\/1578"}],"wp:attachment":[{"href":"https:\/\/sibylle-ritter.com\/index.php?rest_route=%2Fwp%2Fv2%2Fmedia&parent=35"}],"curies":[{"name":"wp","href":"https:\/\/api.w.org\/{rel}","templated":true}]}}